{"id":13,"date":"2021-05-25T16:47:29","date_gmt":"2021-05-25T13:47:29","guid":{"rendered":"https:\/\/koeoulainen.fi\/oulaistenmusiikkiviikot\/?page_id=13"},"modified":"2026-04-23T16:17:41","modified_gmt":"2026-04-23T13:17:41","slug":"ohjelma","status":"publish","type":"page","link":"https:\/\/koeoulainen.fi\/oulaistenmusiikkiviikot\/ohjelma\/","title":{"rendered":"Ohjelma"},"content":{"rendered":"\n<p class=\"has-text-align-center\"><\/p>\n\n\n\n<p class=\"has-text-align-center\"><em><strong>Vuonna 2026 Oulaisten Musiikkiviikot t\u00e4ytt\u00e4\u00e4 40 vuotta \u2013 merkkivuosi n\u00e4kyy ja kuuluu koko vuoden ajan<\/strong><\/em><\/p>\n\n\n\n<p class=\"has-text-align-center\"><em>Oulaisten Musiikkiviikot 40 vuotta on osa virallista Oulu2026 \u2013 Euroopan kulttuurip\u00e4\u00e4kaupunkivuoden ohjelmaa.<\/em><\/p>\n\n\n\n<p class=\"has-text-align-center\"><\/p>\n\n\n\n<figure class=\"wp-block-image aligncenter size-large\"><img loading=\"lazy\" decoding=\"async\" width=\"1024\" height=\"576\" src=\"http:\/\/koeoulainen.fi\/oulaistenmusiikkiviikot\/wp-content\/uploads\/sites\/2\/2026\/04\/Trialogo-1024x576.jpg\" alt=\"\" class=\"wp-image-1207\" srcset=\"https:\/\/koeoulainen.fi\/oulaistenmusiikkiviikot\/wp-content\/uploads\/sites\/2\/2026\/04\/Trialogo-1024x576.jpg 1024w, https:\/\/koeoulainen.fi\/oulaistenmusiikkiviikot\/wp-content\/uploads\/sites\/2\/2026\/04\/Trialogo-300x169.jpg 300w, https:\/\/koeoulainen.fi\/oulaistenmusiikkiviikot\/wp-content\/uploads\/sites\/2\/2026\/04\/Trialogo.jpg 1920w\" sizes=\"auto, (max-width: 1024px) 100vw, 1024px\" \/><\/figure>\n\n\n\n<p class=\"has-text-align-center\"><strong><strong>Anna Murtola &amp; Josu M\u00e4mmi: TRI\u00c1LOGO<\/strong><\/strong><\/p>\n\n\n\n<p class=\"has-text-color has-large-font-size\" style=\"color:#5f4e37\"><strong><strong>Anna Murtola &amp; Josu M\u00e4mmi: TRI\u00c1LOGO<\/strong><\/strong><\/p>\n\n\n\n<p class=\"has-text-color has-medium-font-size\" style=\"color:#5f4e37\"><strong>AIKA<\/strong>: <strong>La 13.6.2026<\/strong> Esitykset klo 16:00 &amp; 18:00<br><strong>PAIKKA<\/strong>: <strong>Maunulan mylly <\/strong>Oulaistenkatu 37<\/p>\n\n\n\n<p>Esityksen t\u00e4yden version voi kokea Maunulan myllyss\u00e4 vain 25 henkil\u00f6\u00e4 kerrallaan. Esityksen \u00e4\u00e4nimaailmaa on osittain kuultavissa Myllyn terassilla ilmaiseksi.<\/p>\n\n\n\n<p>LIPUT:&nbsp;&nbsp;30 \u20ac \/ 24 \u20ac&nbsp;<br>Osta liput ennakkoon HS Menokoneen kautta.<br><a href=\"https:\/\/www.hs.fi\/menokone\/events\/248109\" data-type=\"link\" data-id=\"https:\/\/www.hs.fi\/menokone\/events\/248109\" target=\"_blank\" rel=\"noreferrer noopener\"><strong>Ennakkoliput<\/strong><\/a><\/p>\n\n\n\n<p>Alennettu hinta: OP omistaja-asiakkaat, el\u00e4kel\u00e4iset, ty\u00f6tt\u00f6m\u00e4t, opiskelijat ja lapset<\/p>\n\n\n\n<p>Molempiin esityksiin on varattu yksi Kaikukorttipaikka.<br>Kaikukorttipaikkojen tiedustelut musiikki@oulainen.fi<\/p>\n\n\n\n<p><br><strong>TRI\u00c1LOGO on paikkasidonnainen livemusiikkiperformanssi, jossa flamencotaiteilija Anna Murtolan laulu, elektronisen musiikin artisti ja perkussionisti Josu M\u00e4mmin musiikki ja yli 120-vuotias Maunulan Mylly k\u00e4yv\u00e4t kesken\u00e4\u00e4n ajan l\u00e4pi kurkottavaa, kolmenkeskeist\u00e4 keskustelua.<\/strong><\/p>\n\n\n\n<p><br>Esityspaikan \u00e4\u00e4nimaisema, historia, ominaisuudet ja kertomukset vaikuttavat my\u00f6s trialogin kahteen muuhun osapuoleen ja n\u00e4in esityksen sis\u00e4lt\u00f6\u00f6n. Valokuvaaja JP Mannisen toteuttama valokuvaus toimii esityksen taiteellisena dokumentaationa.<\/p>\n\n\n\n<p><br>TRI\u00c1LOGO-teos avaa ovia jo suljettuihin \u201cv\u00e4litiloihin\u201d, paikkoihin joilla on menneisyys entisin\u00e4 teollisuuden ty\u00f6paikkoina tai julkisina tiloina, mutta jotka ovat vaarassa h\u00e4vit\u00e4 syyst\u00e4 tai toisesta k\u00e4yt\u00f6st\u00e4 poistettuina. Teos kutsuu yleis\u00f6n kunnioittamaan n\u00e4it\u00e4 paikkoja ja niiden sis\u00e4lt\u00e4mi\u00e4 muistoja, kokemaan viel\u00e4 kertaalleen jotain jo ehk\u00e4 unohdettua.<\/p>\n\n\n\n<p><br>Esitykset Oulaisten Musiikkiviikot 40-vuotisjuhlavuoden ohjelmassa<\/p>\n\n\n\n<p><\/p>\n\n\n\n<p>Taiteilijoiden ty\u00f6skentely\u00e4 ovat tukeneet Taiteen edist\u00e4miskeskus sek\u00e4 Oulun kulttuuris\u00e4\u00e4ti\u00f6<\/p>\n\n\n\n<p class=\"has-text-align-left\">Oulaisten esityksen tuottaa Oulaisten kulttuuripalvelut \/ Oulaisten Musiikkiviikot&nbsp;<\/p>\n\n\n\n<hr class=\"wp-block-separator has-alpha-channel-opacity is-style-dots\"\/>\n\n\n\n<p class=\"has-text-align-left has-large-font-size\">Menneet juhlavuoden tapahtumat<\/p>\n\n\n\n<p><em>Talven etkoklubeilla Kinokulmassa teemana ovat eurooppalaiset yhteydet ja kansainv\u00e4liset esiintyj\u00e4t. <\/em><\/p>\n\n\n\n<div class=\"wp-block-media-text alignwide is-stacked-on-mobile is-vertically-aligned-top\"><figure class=\"wp-block-media-text__media\"><img loading=\"lazy\" decoding=\"async\" width=\"819\" height=\"1024\" src=\"http:\/\/koeoulainen.fi\/oulaistenmusiikkiviikot\/wp-content\/uploads\/sites\/2\/2026\/01\/Johanna-Adele-Jussi-Trio-819x1024.jpg\" alt=\"\" class=\"wp-image-1186 size-full\" srcset=\"https:\/\/koeoulainen.fi\/oulaistenmusiikkiviikot\/wp-content\/uploads\/sites\/2\/2026\/01\/Johanna-Adele-Jussi-Trio-819x1024.jpg 819w, https:\/\/koeoulainen.fi\/oulaistenmusiikkiviikot\/wp-content\/uploads\/sites\/2\/2026\/01\/Johanna-Adele-Jussi-Trio-240x300.jpg 240w, https:\/\/koeoulainen.fi\/oulaistenmusiikkiviikot\/wp-content\/uploads\/sites\/2\/2026\/01\/Johanna-Adele-Jussi-Trio.jpg 1080w\" sizes=\"auto, (max-width: 819px) 100vw, 819px\" \/><\/figure><div class=\"wp-block-media-text__content\">\n<p class=\"has-black-color has-text-color has-large-font-size\"><strong>Johanna-Adele J\u00fcssi Trio <\/strong>(Viro\/Norja)&nbsp;<\/p>\n\n\n\n<p class=\"has-text-color has-medium-font-size\" style=\"color:#5f4e37\"><strong>AIKA<\/strong>: <strong>To 26.2.2026<\/strong> klo 19:00<br><strong>PAIKKA<\/strong>: <strong>Kinokulma <\/strong>Asemakatu 1<\/p>\n\n\n\n<p>Ik\u00e4rajaton<br>Kinopubin rajattu anniskelualue<\/p>\n\n\n\n<p>LIPUT:&nbsp;&nbsp;25 \u20ac \/ 20 \u20ac&nbsp;<br><a href=\"https:\/\/kinokulma.fi\/fi_FI\/johanna-adele-jussi-trio-viro\" data-type=\"link\" data-id=\"https:\/\/kinokulma.fi\/fi_FI\/johanna-adele-jussi-trio-viro\">Ennakkoliput Kinokulman kautta<\/a><\/p>\n\n\n\n<p>Alennettu hinta: OP Suomensel\u00e4n omistaja-asiakkaat, el\u00e4kel\u00e4iset, ty\u00f6tt\u00f6m\u00e4t, opiskelijat ja lapset<\/p>\n\n\n\n<p>Konserttiin on varattu rajallinen m\u00e4\u00e4r\u00e4 Kaikukorttipaikkoja<br>Kaikukorttipaikkojen varaukset anna.koivukangas@oulainen.fi tai puh. 0444793268<\/p>\n\n\n\n<p><\/p>\n\n\n\n<p><strong>Johanna-Adele J\u00fcssi<\/strong>&nbsp;on Virossa syntynyt viulisti, joka asuu kaukana Pohjois-Norjassa. Yhdess\u00e4 trionsa kanssa h\u00e4n soittaa musiikkia Ilveslaaksosta \u2013 utopistisesta paikasta, jonka h\u00e4n on l\u00f6ytynyt unesta.&nbsp;<br>H\u00e4nen ilmaisunsa on yht\u00e4 aikaa eleganttia ja raakaa: se kertoo tarinan ja lumoaa kuulijan. Soitti h\u00e4n sitten tanssittavaa tai kuunneltavaa musiikkia, Johanna-Adele on aina l\u00e4sn\u00e4 hetkess\u00e4 \u2013 luomassa sit\u00e4 ja t\u00e4ytt\u00e4m\u00e4ss\u00e4 sen merkityksell\u00e4.&nbsp;<br>\u201dJokainen nuotti on t\u00e4rke\u00e4. Se ei kuitenkaan tarkoita, ett\u00e4 kaikkien soittamieni nuottien t\u00e4ytyisi olla yht\u00e4 voimakkaita tai korostettuja \u2013 p\u00e4invastoin, pienet yksityiskohdat merkitsev\u00e4t usein eniten. Pienet vaihtelut melodiassa, rytmiss\u00e4 tai intonaatiossa voivat ratkaista kaiken. Ja min\u00e4 rakastan sit\u00e4.\u201d&nbsp;<br>J\u00fcssill\u00e4 on pohjoismaisen kansanmusiikin maisterin tutkinto; opintojensa aikana h\u00e4n opiskeli Ruotsissa, Tanskassa, Norjassa ja Suomessa. Lis\u00e4ksi h\u00e4nell\u00e4 on kandidaatin tutkinto perinteisess\u00e4 virolaisessa viulumusiikissa Tarton yliopiston Viljandin kulttuuriakatemiasta.&nbsp;<\/p>\n\n\n\n<p><a href=\"https:\/\/www.johannaadele.com\/\" data-type=\"link\" data-id=\"https:\/\/www.johannaadele.com\/\"><strong>Johanna-Adele J\u00fcssin kotisivut<\/strong><\/a><\/p>\n\n\n\n<p><\/p>\n<\/div><\/div>\n\n\n\n<hr class=\"wp-block-separator has-css-opacity is-style-dots\"\/>\n\n\n\n<div class=\"wp-block-media-text alignwide is-stacked-on-mobile is-vertically-aligned-top\"><figure class=\"wp-block-media-text__media\"><img loading=\"lazy\" decoding=\"async\" width=\"819\" height=\"1024\" src=\"http:\/\/koeoulainen.fi\/oulaistenmusiikkiviikot\/wp-content\/uploads\/sites\/2\/2026\/01\/Abysskiss-819x1024.jpg\" alt=\"\" class=\"wp-image-1185 size-full\" srcset=\"https:\/\/koeoulainen.fi\/oulaistenmusiikkiviikot\/wp-content\/uploads\/sites\/2\/2026\/01\/Abysskiss-819x1024.jpg 819w, https:\/\/koeoulainen.fi\/oulaistenmusiikkiviikot\/wp-content\/uploads\/sites\/2\/2026\/01\/Abysskiss-240x300.jpg 240w, https:\/\/koeoulainen.fi\/oulaistenmusiikkiviikot\/wp-content\/uploads\/sites\/2\/2026\/01\/Abysskiss.jpg 1080w\" sizes=\"auto, (max-width: 819px) 100vw, 819px\" \/><\/figure><div class=\"wp-block-media-text__content\">\n<p class=\"has-black-color has-text-color has-large-font-size\"><strong><strong>Abysskiss<\/strong><\/strong> (Ranska)<\/p>\n\n\n\n<p class=\"has-text-color has-medium-font-size\" style=\"color:#5f4e37\"><strong>AIKA<\/strong>: <strong>Ti 17.3.2026<\/strong> klo 19:00<br><strong>PAIKKA<\/strong>: <strong>Kinokulma <\/strong>Asemakatu 1<\/p>\n\n\n\n<p>Ik\u00e4rajaton<br>Kinopubin rajattu anniskelualue<\/p>\n\n\n\n<p>LIPUT:&nbsp;&nbsp;25 \u20ac \/ 20 \u20ac&nbsp;<br><a href=\"https:\/\/kinokulma.fi\/fi_FI\/abysskiss-ranska\" data-type=\"link\" data-id=\"https:\/\/kinokulma.fi\/fi_FI\/abysskiss-ranska\">Ennakkoliput Kinokulman kautta<\/a><\/p>\n\n\n\n<p>Alennettu hinta: OP Suomensel\u00e4n omistaja-asiakkaat, el\u00e4kel\u00e4iset, ty\u00f6tt\u00f6m\u00e4t, opiskelijat ja lapset<\/p>\n\n\n\n<p>Konserttiin on varattu rajallinen m\u00e4\u00e4r\u00e4 Kaikukorttipaikkoja<br>Kaikukorttipaikkojen varaukset anna.koivukangas@oulainen.fi tai puh. 0444793268<\/p>\n\n\n\n<p><\/p>\n\n\n\n<p><strong>Abysskiss &#8211; retrofuturistinen taskuorkesteri Ranskasta<br>Retrofuturistinen taskuorkesteri!<\/strong><\/p>\n\n\n\n<p><em>Audiovisuaalisessa konsertissa yhteisty\u00f6ss\u00e4 Oulaisten Valovoima<\/em><\/p>\n\n\n\n<p>Abysskiss on ilahduttava &#8221;taskuorkesteri&#8221;, pieni yhtye, orkesterin sointi. Se antaa kuulijoille suudelman meren uumenista, mutta toisinaan my\u00f6s eksyy linnunradalle. T\u00e4m\u00e4 erikoinen nelihenkinen kokoonpano yhdist\u00e4\u00e4 luovasti baritonikitaran, saksofonin, vibrafonin, laulun sek\u00e4 baritonitorven ja flugabonen, joka on harvinaisempi torvisoitin. Mielikuvituksellinen ja runollinen kvartetti kertoo t\u00e4ss\u00e4 ja nyt, mit\u00e4 jazz voisi olla ja mit\u00e4 sen kiertoradalla voi tapahtua. Ranskan ykk\u00f6sjazzlehti Jazz Magazine valitsi Big Dipper albumin kes\u00e4kuun 2025 tulokkaaksi.<\/p>\n\n\n\n<p>Camille Maussion, saksofoni, s\u00e4v.<br>Pierre T\u00e9reygeol, baritonikitara, \u00e4\u00e4ni, s\u00e4v.<br>Victor Auffray baritonitorvi, flugabone, \u00e4\u00e4ni<br>Illya Amar vibrafoni<\/p>\n\n\n\n<p><a href=\"https:\/\/www.vapaataanet.fi\/abysskiss-retrofuturistinen-taskuorkesteri\/\" data-type=\"link\" data-id=\"https:\/\/www.vapaataanet.fi\/abysskiss-retrofuturistinen-taskuorkesteri\/\" target=\"_blank\" rel=\"noreferrer noopener\"><strong>Lue tiedote kiertueesta<\/strong><\/a><\/p>\n\n\n\n<p><\/p>\n<\/div><\/div>\n","protected":false},"excerpt":{"rendered":"<p>Vuonna 2026 Oulaisten Musiikkiviikot t\u00e4ytt\u00e4\u00e4 40 vuotta \u2013 merkkivuosi n\u00e4kyy ja kuuluu koko vuoden ajan Oulaisten Musiikkiviikot 40 vuotta on osa virallista Oulu2026 \u2013 Euroopan kulttuurip\u00e4\u00e4kaupunkivuoden ohjelmaa. Anna Murtola &amp; Josu M\u00e4mmi: TRI\u00c1LOGO Anna Murtola &amp; Josu M\u00e4mmi: TRI\u00c1LOGO AIKA: La 13.6.2026 Esitykset klo 16:00 &amp; 18:00PAIKKA: Maunulan mylly Oulaistenkatu 37 Esityksen t\u00e4yden version voi &hellip; <\/p>\n<p class=\"link-more\"><a href=\"https:\/\/koeoulainen.fi\/oulaistenmusiikkiviikot\/ohjelma\/\" class=\"more-link\">Lue lis\u00e4\u00e4<span class=\"screen-reader-text\"> &#8221;Ohjelma&#8221;<\/span><\/a><\/p>\n","protected":false},"author":3,"featured_media":0,"parent":0,"menu_order":0,"comment_status":"closed","ping_status":"closed","template":"","meta":{"inspiro_hide_title":false,"footnotes":""},"class_list":["post-13","page","type-page","status-publish","hentry"],"_links":{"self":[{"href":"https:\/\/koeoulainen.fi\/oulaistenmusiikkiviikot\/wp-json\/wp\/v2\/pages\/13","targetHints":{"allow":["GET"]}}],"collection":[{"href":"https:\/\/koeoulainen.fi\/oulaistenmusiikkiviikot\/wp-json\/wp\/v2\/pages"}],"about":[{"href":"https:\/\/koeoulainen.fi\/oulaistenmusiikkiviikot\/wp-json\/wp\/v2\/types\/page"}],"author":[{"embeddable":true,"href":"https:\/\/koeoulainen.fi\/oulaistenmusiikkiviikot\/wp-json\/wp\/v2\/users\/3"}],"replies":[{"embeddable":true,"href":"https:\/\/koeoulainen.fi\/oulaistenmusiikkiviikot\/wp-json\/wp\/v2\/comments?post=13"}],"version-history":[{"count":111,"href":"https:\/\/koeoulainen.fi\/oulaistenmusiikkiviikot\/wp-json\/wp\/v2\/pages\/13\/revisions"}],"predecessor-version":[{"id":1214,"href":"https:\/\/koeoulainen.fi\/oulaistenmusiikkiviikot\/wp-json\/wp\/v2\/pages\/13\/revisions\/1214"}],"wp:attachment":[{"href":"https:\/\/koeoulainen.fi\/oulaistenmusiikkiviikot\/wp-json\/wp\/v2\/media?parent=13"}],"curies":[{"name":"wp","href":"https:\/\/api.w.org\/{rel}","templated":true}]}}