{"id":137,"date":"2021-05-30T19:54:50","date_gmt":"2021-05-30T16:54:50","guid":{"rendered":"https:\/\/koeoulainen.fi\/oulaistenmusiikkiviikot\/?page_id=137"},"modified":"2026-01-29T11:52:31","modified_gmt":"2026-01-29T09:52:31","slug":"etusivu","status":"publish","type":"page","link":"https:\/\/koeoulainen.fi\/oulaistenmusiikkiviikot\/","title":{"rendered":"Etusivu"},"content":{"rendered":"\n<h2 class=\"wp-block-heading\">Ajankohtaista<\/h2>\n\n\n<ul class=\"wp-block-latest-posts__list wp-block-latest-posts\"><li><a class=\"wp-block-latest-posts__post-title\" href=\"https:\/\/koeoulainen.fi\/oulaistenmusiikkiviikot\/2026\/02\/16\/johanna-adele-jussi-tuo-ilveslaakson-savelet-oulaisiin\/\">Johanna-Adele\u00a0J\u00fcssi\u00a0tuo Ilveslaakson s\u00e4velet Oulaisiin\u00a0<\/a><\/li>\n<li><a class=\"wp-block-latest-posts__post-title\" href=\"https:\/\/koeoulainen.fi\/oulaistenmusiikkiviikot\/2026\/01\/29\/oulaisten-musiikkiviikot-40-vuotta\/\">Oulaisten Musiikkiviikot 40 vuotta!<\/a><\/li>\n<li><a class=\"wp-block-latest-posts__post-title\" href=\"https:\/\/koeoulainen.fi\/oulaistenmusiikkiviikot\/2026\/01\/29\/osallistu-kavijakyselyyn\/\">Osallistu\u00a0k\u00e4vij\u00e4kyselyyn!\u00a0<\/a><\/li>\n<li><a class=\"wp-block-latest-posts__post-title\" href=\"https:\/\/koeoulainen.fi\/oulaistenmusiikkiviikot\/2025\/11\/08\/kaseva-paattaa-syksyn-2025-oulaisten-musiikkiviikot\/\">Kaseva p\u00e4\u00e4tt\u00e4\u00e4 syksyn 2025 Oulaisten\u00a0Musiikkiviikot\u00a0<\/a><\/li>\n<li><a class=\"wp-block-latest-posts__post-title\" href=\"https:\/\/koeoulainen.fi\/oulaistenmusiikkiviikot\/2025\/11\/08\/op-suomenselka-tarjoaa-riemukkaan-lastenkonsertin\/\">OP Suomenselk\u00e4 tarjoaa riemukkaan lastenkonsertin!<\/a><\/li>\n<\/ul>\n\n\n<div style=\"height:100px\" aria-hidden=\"true\" class=\"wp-block-spacer\"><\/div>\n\n\n\n<hr class=\"wp-block-separator has-css-opacity is-style-dots\"\/>\n\n\n\n<div class=\"wp-block-media-text alignwide has-media-on-the-right is-stacked-on-mobile\"><div class=\"wp-block-media-text__content\">\n<p class=\"has-large-font-size\">Ohjelma<\/p>\n\n\n\n<p><strong>Oulaisten Musiikkiviikot 40 vuotta<\/strong><\/p>\n\n\n\n<p>Talven etkoklubit julkaistu!<\/p>\n\n\n\n<div class=\"wp-block-buttons is-layout-flex wp-block-buttons-is-layout-flex\">\n<div class=\"wp-block-button\"><a class=\"wp-block-button__link wp-element-button\" href=\"https:\/\/koeoulainen.fi\/oulaistenmusiikkiviikot\/ohjelma\/\">OHJELMA &gt;&gt;<\/a><\/div>\n<\/div>\n<\/div><figure class=\"wp-block-media-text__media\"><a href=\"https:\/\/koeoulainen.fi\/oulaistenmusiikkiviikot\/liput\/\"><img loading=\"lazy\" decoding=\"async\" width=\"819\" height=\"1024\" src=\"http:\/\/koeoulainen.fi\/oulaistenmusiikkiviikot\/wp-content\/uploads\/sites\/2\/2026\/01\/Johanna-Adele-Jussi-Trio-819x1024.jpg\" alt=\"\" class=\"wp-image-1186 size-full\" srcset=\"https:\/\/koeoulainen.fi\/oulaistenmusiikkiviikot\/wp-content\/uploads\/sites\/2\/2026\/01\/Johanna-Adele-Jussi-Trio-819x1024.jpg 819w, https:\/\/koeoulainen.fi\/oulaistenmusiikkiviikot\/wp-content\/uploads\/sites\/2\/2026\/01\/Johanna-Adele-Jussi-Trio-240x300.jpg 240w, https:\/\/koeoulainen.fi\/oulaistenmusiikkiviikot\/wp-content\/uploads\/sites\/2\/2026\/01\/Johanna-Adele-Jussi-Trio.jpg 1080w\" sizes=\"auto, (max-width: 819px) 100vw, 819px\" \/><\/a><\/figure><\/div>\n\n\n\n<hr class=\"wp-block-separator has-css-opacity is-style-dots\"\/>\n\n\n\n<div class=\"wp-block-media-text alignwide has-media-on-the-right is-stacked-on-mobile\"><div class=\"wp-block-media-text__content\">\n<p class=\"has-large-font-size\">Ohjelma<\/p>\n\n\n\n<p><strong>Oulaisten Musiikkiviikot 40 vuotta<\/strong><\/p>\n\n\n\n<p>Talven etkoklubit julkaistu!<\/p>\n\n\n\n<div class=\"wp-block-buttons is-layout-flex wp-block-buttons-is-layout-flex\">\n<div class=\"wp-block-button\"><a class=\"wp-block-button__link wp-element-button\" href=\"https:\/\/koeoulainen.fi\/oulaistenmusiikkiviikot\/ohjelma\/\">OHJELMA &gt;&gt;<\/a><\/div>\n<\/div>\n<\/div><figure class=\"wp-block-media-text__media\"><a href=\"https:\/\/koeoulainen.fi\/oulaistenmusiikkiviikot\/liput\/\"><img loading=\"lazy\" decoding=\"async\" width=\"819\" height=\"1024\" src=\"http:\/\/koeoulainen.fi\/oulaistenmusiikkiviikot\/wp-content\/uploads\/sites\/2\/2026\/01\/Abysskiss-819x1024.jpg\" alt=\"\" class=\"wp-image-1185 size-full\" srcset=\"https:\/\/koeoulainen.fi\/oulaistenmusiikkiviikot\/wp-content\/uploads\/sites\/2\/2026\/01\/Abysskiss-819x1024.jpg 819w, https:\/\/koeoulainen.fi\/oulaistenmusiikkiviikot\/wp-content\/uploads\/sites\/2\/2026\/01\/Abysskiss-240x300.jpg 240w, https:\/\/koeoulainen.fi\/oulaistenmusiikkiviikot\/wp-content\/uploads\/sites\/2\/2026\/01\/Abysskiss.jpg 1080w\" sizes=\"auto, (max-width: 819px) 100vw, 819px\" \/><\/a><\/figure><\/div>\n\n\n\n<hr class=\"wp-block-separator has-css-opacity is-style-dots\"\/>\n\n\n\n<div style=\"height:100px\" aria-hidden=\"true\" class=\"wp-block-spacer\"><\/div>\n\n\n\n<hr class=\"wp-block-separator has-css-opacity is-style-dots\"\/>\n\n\n\n<h2 class=\"wp-block-heading\">Tunnelmakuvia Oulaisten Musiikkiviikoilta l\u00f6yd\u00e4t <a href=\"https:\/\/koeoulainen.fi\/oulaistenmusiikkiviikot\/galleria\/\" data-type=\"page\" data-id=\"82\">galleriasta<\/a><\/h2>\n\n\n\n<figure class=\"wp-block-gallery has-nested-images columns-default is-cropped wp-block-gallery-1 is-layout-flex wp-block-gallery-is-layout-flex\">\n<figure class=\"wp-block-image size-large\"><img loading=\"lazy\" decoding=\"async\" width=\"1024\" height=\"767\" data-id=\"453\" src=\"https:\/\/koeoulainen.fi\/oulaistenmusiikkiviikot\/wp-content\/uploads\/sites\/2\/2021\/12\/Oulaisten_Musiikkiviikot_Markku_Aro_4_kuva_Taina_Talvi_2021-1024x767.jpg\" alt=\"\" class=\"wp-image-453\" srcset=\"https:\/\/koeoulainen.fi\/oulaistenmusiikkiviikot\/wp-content\/uploads\/sites\/2\/2021\/12\/Oulaisten_Musiikkiviikot_Markku_Aro_4_kuva_Taina_Talvi_2021-1024x767.jpg 1024w, https:\/\/koeoulainen.fi\/oulaistenmusiikkiviikot\/wp-content\/uploads\/sites\/2\/2021\/12\/Oulaisten_Musiikkiviikot_Markku_Aro_4_kuva_Taina_Talvi_2021-300x225.jpg 300w, https:\/\/koeoulainen.fi\/oulaistenmusiikkiviikot\/wp-content\/uploads\/sites\/2\/2021\/12\/Oulaisten_Musiikkiviikot_Markku_Aro_4_kuva_Taina_Talvi_2021-768x575.jpg 768w, https:\/\/koeoulainen.fi\/oulaistenmusiikkiviikot\/wp-content\/uploads\/sites\/2\/2021\/12\/Oulaisten_Musiikkiviikot_Markku_Aro_4_kuva_Taina_Talvi_2021.jpg 1280w\" sizes=\"auto, (max-width: 1024px) 100vw, 1024px\" \/><figcaption class=\"wp-element-caption\">Markku Aro &amp; Diesel<\/figcaption><\/figure>\n\n\n\n<figure class=\"wp-block-image size-large\"><img loading=\"lazy\" decoding=\"async\" width=\"769\" height=\"1024\" data-id=\"508\" src=\"https:\/\/koeoulainen.fi\/oulaistenmusiikkiviikot\/wp-content\/uploads\/sites\/2\/2021\/12\/Oulaisten_Musiikkiviikot_Erin18_kuva_Risto_Niemela_2021-769x1024.jpg\" alt=\"\" class=\"wp-image-508\" srcset=\"https:\/\/koeoulainen.fi\/oulaistenmusiikkiviikot\/wp-content\/uploads\/sites\/2\/2021\/12\/Oulaisten_Musiikkiviikot_Erin18_kuva_Risto_Niemela_2021-769x1024.jpg 769w, https:\/\/koeoulainen.fi\/oulaistenmusiikkiviikot\/wp-content\/uploads\/sites\/2\/2021\/12\/Oulaisten_Musiikkiviikot_Erin18_kuva_Risto_Niemela_2021-225x300.jpg 225w, https:\/\/koeoulainen.fi\/oulaistenmusiikkiviikot\/wp-content\/uploads\/sites\/2\/2021\/12\/Oulaisten_Musiikkiviikot_Erin18_kuva_Risto_Niemela_2021-768x1022.jpg 768w, https:\/\/koeoulainen.fi\/oulaistenmusiikkiviikot\/wp-content\/uploads\/sites\/2\/2021\/12\/Oulaisten_Musiikkiviikot_Erin18_kuva_Risto_Niemela_2021.jpg 1154w\" sizes=\"auto, (max-width: 769px) 100vw, 769px\" \/><figcaption class=\"wp-element-caption\">Erin<\/figcaption><\/figure>\n\n\n\n<figure class=\"wp-block-image size-large\"><img loading=\"lazy\" decoding=\"async\" width=\"1024\" height=\"770\" data-id=\"475\" src=\"https:\/\/koeoulainen.fi\/oulaistenmusiikkiviikot\/wp-content\/uploads\/sites\/2\/2021\/12\/Oulaisten_Musiikkiviikot_Mokoma16_kuva_Risto_Niemela_2021-1024x770.jpg\" alt=\"\" class=\"wp-image-475\" srcset=\"https:\/\/koeoulainen.fi\/oulaistenmusiikkiviikot\/wp-content\/uploads\/sites\/2\/2021\/12\/Oulaisten_Musiikkiviikot_Mokoma16_kuva_Risto_Niemela_2021-1024x770.jpg 1024w, https:\/\/koeoulainen.fi\/oulaistenmusiikkiviikot\/wp-content\/uploads\/sites\/2\/2021\/12\/Oulaisten_Musiikkiviikot_Mokoma16_kuva_Risto_Niemela_2021-300x225.jpg 300w, https:\/\/koeoulainen.fi\/oulaistenmusiikkiviikot\/wp-content\/uploads\/sites\/2\/2021\/12\/Oulaisten_Musiikkiviikot_Mokoma16_kuva_Risto_Niemela_2021-768x577.jpg 768w, https:\/\/koeoulainen.fi\/oulaistenmusiikkiviikot\/wp-content\/uploads\/sites\/2\/2021\/12\/Oulaisten_Musiikkiviikot_Mokoma16_kuva_Risto_Niemela_2021-1536x1154.jpg 1536w, https:\/\/koeoulainen.fi\/oulaistenmusiikkiviikot\/wp-content\/uploads\/sites\/2\/2021\/12\/Oulaisten_Musiikkiviikot_Mokoma16_kuva_Risto_Niemela_2021-2000x1503.jpg 2000w, https:\/\/koeoulainen.fi\/oulaistenmusiikkiviikot\/wp-content\/uploads\/sites\/2\/2021\/12\/Oulaisten_Musiikkiviikot_Mokoma16_kuva_Risto_Niemela_2021-1800x1353.jpg 1800w, https:\/\/koeoulainen.fi\/oulaistenmusiikkiviikot\/wp-content\/uploads\/sites\/2\/2021\/12\/Oulaisten_Musiikkiviikot_Mokoma16_kuva_Risto_Niemela_2021.jpg 2044w\" sizes=\"auto, (max-width: 1024px) 100vw, 1024px\" \/><figcaption class=\"wp-element-caption\">Mokoma<\/figcaption><\/figure>\n\n\n\n<figure class=\"wp-block-image size-large\"><img loading=\"lazy\" decoding=\"async\" width=\"1024\" height=\"683\" data-id=\"525\" src=\"https:\/\/koeoulainen.fi\/oulaistenmusiikkiviikot\/wp-content\/uploads\/sites\/2\/2021\/12\/Oulaisten_Musiikkivikot_Mutaveijarit_ja_OulaistenSuuriLapsikuoro_11_kuva_NooraFarm2021-1024x683.jpg\" alt=\"\" class=\"wp-image-525\" srcset=\"https:\/\/koeoulainen.fi\/oulaistenmusiikkiviikot\/wp-content\/uploads\/sites\/2\/2021\/12\/Oulaisten_Musiikkivikot_Mutaveijarit_ja_OulaistenSuuriLapsikuoro_11_kuva_NooraFarm2021-1024x683.jpg 1024w, https:\/\/koeoulainen.fi\/oulaistenmusiikkiviikot\/wp-content\/uploads\/sites\/2\/2021\/12\/Oulaisten_Musiikkivikot_Mutaveijarit_ja_OulaistenSuuriLapsikuoro_11_kuva_NooraFarm2021-300x200.jpg 300w, https:\/\/koeoulainen.fi\/oulaistenmusiikkiviikot\/wp-content\/uploads\/sites\/2\/2021\/12\/Oulaisten_Musiikkivikot_Mutaveijarit_ja_OulaistenSuuriLapsikuoro_11_kuva_NooraFarm2021-768x512.jpg 768w, https:\/\/koeoulainen.fi\/oulaistenmusiikkiviikot\/wp-content\/uploads\/sites\/2\/2021\/12\/Oulaisten_Musiikkivikot_Mutaveijarit_ja_OulaistenSuuriLapsikuoro_11_kuva_NooraFarm2021-1536x1024.jpg 1536w, https:\/\/koeoulainen.fi\/oulaistenmusiikkiviikot\/wp-content\/uploads\/sites\/2\/2021\/12\/Oulaisten_Musiikkivikot_Mutaveijarit_ja_OulaistenSuuriLapsikuoro_11_kuva_NooraFarm2021-1800x1200.jpg 1800w, https:\/\/koeoulainen.fi\/oulaistenmusiikkiviikot\/wp-content\/uploads\/sites\/2\/2021\/12\/Oulaisten_Musiikkivikot_Mutaveijarit_ja_OulaistenSuuriLapsikuoro_11_kuva_NooraFarm2021.jpg 1920w\" sizes=\"auto, (max-width: 1024px) 100vw, 1024px\" \/><figcaption class=\"wp-element-caption\">Mutaveijarit &amp; Oulaisten Suuri Lapsikuoro<\/figcaption><\/figure>\n<\/figure>\n\n\n\n<hr class=\"wp-block-separator has-css-opacity is-style-dots\"\/>\n\n\n\n<h2 class=\"wp-block-heading has-text-align-center has-black-color has-text-color\">Kiitos yhteisty\u00f6st\u00e4!<\/h2>\n\n\n\n<div class=\"wp-block-columns is-layout-flex wp-container-core-columns-is-layout-28f84493 wp-block-columns-is-layout-flex\">\n<div class=\"wp-block-column is-vertically-aligned-center is-layout-flow wp-block-column-is-layout-flow\">\n<figure class=\"wp-block-image alignright size-large is-resized\"><img loading=\"lazy\" decoding=\"async\" width=\"839\" height=\"757\" src=\"http:\/\/koeoulainen.fi\/oulaistenmusiikkiviikot\/wp-content\/uploads\/sites\/2\/2024\/06\/Oulainen_logo_orvokki_lempi_RGB.png\" alt=\"\" class=\"wp-image-896\" style=\"width:420px;height:379px\" srcset=\"https:\/\/koeoulainen.fi\/oulaistenmusiikkiviikot\/wp-content\/uploads\/sites\/2\/2024\/06\/Oulainen_logo_orvokki_lempi_RGB.png 839w, https:\/\/koeoulainen.fi\/oulaistenmusiikkiviikot\/wp-content\/uploads\/sites\/2\/2024\/06\/Oulainen_logo_orvokki_lempi_RGB-300x271.png 300w, https:\/\/koeoulainen.fi\/oulaistenmusiikkiviikot\/wp-content\/uploads\/sites\/2\/2024\/06\/Oulainen_logo_orvokki_lempi_RGB-768x693.png 768w\" sizes=\"auto, (max-width: 839px) 100vw, 839px\" \/><\/figure>\n<\/div>\n\n\n\n<div class=\"wp-block-column is-vertically-aligned-center is-layout-flow wp-block-column-is-layout-flow\">\n<figure class=\"wp-block-image aligncenter size-large is-resized\"><img loading=\"lazy\" decoding=\"async\" width=\"1024\" height=\"818\" src=\"http:\/\/koeoulainen.fi\/oulaistenmusiikkiviikot\/wp-content\/uploads\/sites\/2\/2022\/09\/FF_logo_RGB-1024x818.png\" alt=\"\" class=\"wp-image-653\" style=\"width:512px;height:409px\" srcset=\"https:\/\/koeoulainen.fi\/oulaistenmusiikkiviikot\/wp-content\/uploads\/sites\/2\/2022\/09\/FF_logo_RGB-1024x818.png 1024w, https:\/\/koeoulainen.fi\/oulaistenmusiikkiviikot\/wp-content\/uploads\/sites\/2\/2022\/09\/FF_logo_RGB-300x240.png 300w, https:\/\/koeoulainen.fi\/oulaistenmusiikkiviikot\/wp-content\/uploads\/sites\/2\/2022\/09\/FF_logo_RGB-768x613.png 768w, https:\/\/koeoulainen.fi\/oulaistenmusiikkiviikot\/wp-content\/uploads\/sites\/2\/2022\/09\/FF_logo_RGB-1536x1226.png 1536w, https:\/\/koeoulainen.fi\/oulaistenmusiikkiviikot\/wp-content\/uploads\/sites\/2\/2022\/09\/FF_logo_RGB-2048x1635.png 2048w, https:\/\/koeoulainen.fi\/oulaistenmusiikkiviikot\/wp-content\/uploads\/sites\/2\/2022\/09\/FF_logo_RGB-2000x1597.png 2000w, https:\/\/koeoulainen.fi\/oulaistenmusiikkiviikot\/wp-content\/uploads\/sites\/2\/2022\/09\/FF_logo_RGB-1800x1437.png 1800w\" sizes=\"auto, (max-width: 1024px) 100vw, 1024px\" \/><\/figure>\n<\/div>\n<\/div>\n\n\n\n<figure class=\"wp-block-image aligncenter size-large is-resized\"><a href=\"https:\/\/www.op.fi\/web\/op-suomenselka\/etusivu\" target=\"_blank\" rel=\"noopener\"><img loading=\"lazy\" decoding=\"async\" width=\"880\" height=\"177\" src=\"https:\/\/koeoulainen.fi\/oulaistenmusiikkiviikot\/wp-content\/uploads\/sites\/2\/2022\/09\/Logo-kuvatiedostona-1.jpg\" alt=\"\" class=\"wp-image-654\" style=\"width:660px;height:133px\" srcset=\"https:\/\/koeoulainen.fi\/oulaistenmusiikkiviikot\/wp-content\/uploads\/sites\/2\/2022\/09\/Logo-kuvatiedostona-1.jpg 880w, https:\/\/koeoulainen.fi\/oulaistenmusiikkiviikot\/wp-content\/uploads\/sites\/2\/2022\/09\/Logo-kuvatiedostona-1-300x60.jpg 300w, https:\/\/koeoulainen.fi\/oulaistenmusiikkiviikot\/wp-content\/uploads\/sites\/2\/2022\/09\/Logo-kuvatiedostona-1-768x154.jpg 768w\" sizes=\"auto, (max-width: 880px) 100vw, 880px\" \/><\/a><\/figure>\n\n\n\n<p><\/p>\n\n\n\n<p><\/p>\n\n\n\n<p><\/p>\n\n\n\n<div class=\"wp-block-columns is-layout-flex wp-container-core-columns-is-layout-28f84493 wp-block-columns-is-layout-flex\">\n<div class=\"wp-block-column is-vertically-aligned-center is-layout-flow wp-block-column-is-layout-flow\" style=\"flex-basis:50%\">\n<figure class=\"wp-block-image size-large is-resized\"><a href=\"https:\/\/www.pyhajokiseutu.fi\/\" target=\"_blank\" rel=\"noopener\"><img loading=\"lazy\" decoding=\"async\" width=\"1024\" height=\"219\" src=\"https:\/\/koeoulainen.fi\/oulaistenmusiikkiviikot\/wp-content\/uploads\/sites\/2\/2022\/09\/pyhajokiseudun-uusi-logo20183-1024x219.jpg\" alt=\"\" class=\"wp-image-656\" style=\"width:512px;height:110px\" srcset=\"https:\/\/koeoulainen.fi\/oulaistenmusiikkiviikot\/wp-content\/uploads\/sites\/2\/2022\/09\/pyhajokiseudun-uusi-logo20183-1024x219.jpg 1024w, https:\/\/koeoulainen.fi\/oulaistenmusiikkiviikot\/wp-content\/uploads\/sites\/2\/2022\/09\/pyhajokiseudun-uusi-logo20183-300x64.jpg 300w, https:\/\/koeoulainen.fi\/oulaistenmusiikkiviikot\/wp-content\/uploads\/sites\/2\/2022\/09\/pyhajokiseudun-uusi-logo20183-768x164.jpg 768w, https:\/\/koeoulainen.fi\/oulaistenmusiikkiviikot\/wp-content\/uploads\/sites\/2\/2022\/09\/pyhajokiseudun-uusi-logo20183-1536x328.jpg 1536w, https:\/\/koeoulainen.fi\/oulaistenmusiikkiviikot\/wp-content\/uploads\/sites\/2\/2022\/09\/pyhajokiseudun-uusi-logo20183-2048x438.jpg 2048w, https:\/\/koeoulainen.fi\/oulaistenmusiikkiviikot\/wp-content\/uploads\/sites\/2\/2022\/09\/pyhajokiseudun-uusi-logo20183-2000x428.jpg 2000w, https:\/\/koeoulainen.fi\/oulaistenmusiikkiviikot\/wp-content\/uploads\/sites\/2\/2022\/09\/pyhajokiseudun-uusi-logo20183-1800x385.jpg 1800w\" sizes=\"auto, (max-width: 1024px) 100vw, 1024px\" \/><\/a><\/figure>\n<\/div>\n\n\n\n<div class=\"wp-block-column is-vertically-aligned-center is-layout-flow wp-block-column-is-layout-flow\" style=\"flex-basis:50%\">\n<figure class=\"wp-block-image size-large is-resized\"><a href=\"https:\/\/jedu.fi\/\"><img loading=\"lazy\" decoding=\"async\" width=\"1024\" height=\"507\" src=\"http:\/\/koeoulainen.fi\/oulaistenmusiikkiviikot\/wp-content\/uploads\/sites\/2\/2023\/09\/JEDU_vaaka_ensisijainen-1024x507.png\" alt=\"\" class=\"wp-image-786\" style=\"width:459px;height:227px\" srcset=\"https:\/\/koeoulainen.fi\/oulaistenmusiikkiviikot\/wp-content\/uploads\/sites\/2\/2023\/09\/JEDU_vaaka_ensisijainen-1024x507.png 1024w, https:\/\/koeoulainen.fi\/oulaistenmusiikkiviikot\/wp-content\/uploads\/sites\/2\/2023\/09\/JEDU_vaaka_ensisijainen-300x149.png 300w, https:\/\/koeoulainen.fi\/oulaistenmusiikkiviikot\/wp-content\/uploads\/sites\/2\/2023\/09\/JEDU_vaaka_ensisijainen-768x380.png 768w, https:\/\/koeoulainen.fi\/oulaistenmusiikkiviikot\/wp-content\/uploads\/sites\/2\/2023\/09\/JEDU_vaaka_ensisijainen-1536x760.png 1536w, https:\/\/koeoulainen.fi\/oulaistenmusiikkiviikot\/wp-content\/uploads\/sites\/2\/2023\/09\/JEDU_vaaka_ensisijainen-1800x891.png 1800w, https:\/\/koeoulainen.fi\/oulaistenmusiikkiviikot\/wp-content\/uploads\/sites\/2\/2023\/09\/JEDU_vaaka_ensisijainen.png 1806w\" sizes=\"auto, (max-width: 1024px) 100vw, 1024px\" \/><\/a><\/figure>\n<\/div>\n<\/div>\n\n\n\n<p><\/p>\n","protected":false},"excerpt":{"rendered":"<p>Ajankohtaista Tunnelmakuvia Oulaisten Musiikkiviikoilta l\u00f6yd\u00e4t galleriasta Kiitos yhteisty\u00f6st\u00e4!<\/p>\n","protected":false},"author":3,"featured_media":0,"parent":0,"menu_order":0,"comment_status":"closed","ping_status":"closed","template":"","meta":{"inspiro_hide_title":false,"footnotes":""},"class_list":["post-137","page","type-page","status-publish","hentry"],"_links":{"self":[{"href":"https:\/\/koeoulainen.fi\/oulaistenmusiikkiviikot\/wp-json\/wp\/v2\/pages\/137","targetHints":{"allow":["GET"]}}],"collection":[{"href":"https:\/\/koeoulainen.fi\/oulaistenmusiikkiviikot\/wp-json\/wp\/v2\/pages"}],"about":[{"href":"https:\/\/koeoulainen.fi\/oulaistenmusiikkiviikot\/wp-json\/wp\/v2\/types\/page"}],"author":[{"embeddable":true,"href":"https:\/\/koeoulainen.fi\/oulaistenmusiikkiviikot\/wp-json\/wp\/v2\/users\/3"}],"replies":[{"embeddable":true,"href":"https:\/\/koeoulainen.fi\/oulaistenmusiikkiviikot\/wp-json\/wp\/v2\/comments?post=137"}],"version-history":[{"count":68,"href":"https:\/\/koeoulainen.fi\/oulaistenmusiikkiviikot\/wp-json\/wp\/v2\/pages\/137\/revisions"}],"predecessor-version":[{"id":1191,"href":"https:\/\/koeoulainen.fi\/oulaistenmusiikkiviikot\/wp-json\/wp\/v2\/pages\/137\/revisions\/1191"}],"wp:attachment":[{"href":"https:\/\/koeoulainen.fi\/oulaistenmusiikkiviikot\/wp-json\/wp\/v2\/media?parent=137"}],"curies":[{"name":"wp","href":"https:\/\/api.w.org\/{rel}","templated":true}]}}