{"id":17,"date":"2021-05-25T17:00:31","date_gmt":"2021-05-25T14:00:31","guid":{"rendered":"https:\/\/koeoulainen.fi\/oulaistenmusiikkiviikot\/?page_id=17"},"modified":"2026-04-23T16:27:11","modified_gmt":"2026-04-23T13:27:11","slug":"liput","status":"publish","type":"page","link":"https:\/\/koeoulainen.fi\/oulaistenmusiikkiviikot\/liput\/","title":{"rendered":"Liput"},"content":{"rendered":"\n<p><strong>Lipunmyynti<\/strong><\/p>\n\n\n\n<p>La 13.6.2026 <strong><strong>Anna Murtola &amp; Josu M\u00e4mmi: TRI\u00c1LOGO<\/strong><\/strong><br><a href=\"https:\/\/www.hs.fi\/menokone\/events\/248109\" target=\"_blank\" rel=\"noreferrer noopener\"><strong>Ennakkoliput<\/strong><\/a> t\u00e4h\u00e4n konserttiin HS Menokoneen kautta.<\/p>\n\n\n\n<h2 class=\"wp-block-heading\">Lis\u00e4tietoa<\/h2>\n\n\n\n<p><strong>Huomaathan, ett\u00e4<\/strong>&nbsp;<strong>emme ota lippuvarauksia<\/strong>. Vain&nbsp;<strong>Kaikukortti-paikat<\/strong>&nbsp;ja&nbsp;<strong>kutsuvierasliput&nbsp;<\/strong>voi varata s\u00e4hk\u00f6postitse&nbsp;<a href=\"mailto:musiikki@oulainen.fi\" target=\"_blank\" rel=\"noreferrer noopener\">musiikki@oulainen.fi<\/a><\/p>\n\n\n\n<ul class=\"wp-block-list\">\n<li>Jokaiseen konserttiin on rajallinen m\u00e4\u00e4r\u00e4 maksuttomia Kaikukortti-paikkoja konserttipaikan yleis\u00f6kapasiteetista riippuen.\u00a0<\/li>\n\n\n\n<li>\u00a0OP:n tarjoamaan lastenkonserttiin paikat t\u00e4ytet\u00e4\u00e4n saapumisj\u00e4rjestyksess\u00e4 \u2013 ei ennakkovarauksia<\/li>\n\n\n\n<li>Yl\u00e4koulun konserteissa k\u00e4yt\u00f6ss\u00e4 on narikkamaksu (2 \u20ac)&nbsp;<\/li>\n<\/ul>\n\n\n\n<p><strong>Tiedustelut<\/strong>:&nbsp;<a href=\"mailto:musiikki@oulainen.fi\" target=\"_blank\" rel=\"noreferrer noopener\">musiikki@oulainen.fi<\/a><\/p>\n\n\n\n<h2 class=\"wp-block-heading\"><strong>Kaikukorttipaikat<\/strong><\/h2>\n\n\n\n<p>Kaikukortin tavoitteena on parantaa taloudellisesti tiukassa tilanteessa olevien nuorten, aikuisten, perheiden ja ik\u00e4ihmisten mahdollisuuksia osallistua kulttuuriel\u00e4m\u00e4\u00e4n ja harrastaa taiteen tekemist\u00e4. Oulaisten Musiikkiviikot on mukana Kaikukortti-toiminnassa mahdollistamassa musiikkiel\u00e4myksi\u00e4! Olemme varanneet Kaikukortti-paikkoja jokaiseen konserttiimme.<\/p>\n\n\n\n<p><strong>Kaikukorttipaikat <\/strong>tulee varata ennakkoon lipunmyyntipisteelt\u00e4. Jokaiseen konserttiin on varattu rajallinen m\u00e4\u00e4r\u00e4 maksuttomia Kaikukortti-paikkoja. Voimassaoleva Kaikukortti ja henkil\u00f6todistus tulee esitt\u00e4\u00e4 paikkavarauksen yhteydess\u00e4 sek\u00e4 pyydett\u00e4ess\u00e4 konserttipaikalla.<\/p>\n\n\n\n<p><strong><a href=\"https:\/\/kaikukortti.fi\/minulle-kaikukortti\/\" target=\"_blank\" rel=\"noreferrer noopener\">Tarkista voitko sin\u00e4 saada Kaikukortin?<\/a><\/strong><\/p>\n\n\n\n<p><\/p>\n\n\n\n<h2 class=\"wp-block-heading\"><strong>Py\u00f6r\u00e4tuoliasiakkaat<\/strong>&nbsp;<\/h2>\n\n\n\n<p><strong>Py\u00f6r\u00e4tuoliasiakkaan saattaja p\u00e4\u00e4see konserttiin ilmaiseksi \u2013 lippu tulee varata my\u00f6s saattajalle.<\/strong> Yl\u00e4koulun salin konserteissa py\u00f6r\u00e4tuoliasiakkaat ohjataan saliin liuskan kautta tai j\u00e4rjestet\u00e4\u00e4n paikka yl\u00e4tasanteelta. Ota yhteytt\u00e4 lipunmyyntiimme niin j\u00e4rjest\u00e4mme tarvittaessa opastuksen.&nbsp;<\/p>\n\n\n\n\n\n<p><\/p>\n","protected":false},"excerpt":{"rendered":"<p>Lipunmyynti La 13.6.2026 Anna Murtola &amp; Josu M\u00e4mmi: TRI\u00c1LOGOEnnakkoliput t\u00e4h\u00e4n konserttiin HS Menokoneen kautta. Lis\u00e4tietoa Huomaathan, ett\u00e4&nbsp;emme ota lippuvarauksia. Vain&nbsp;Kaikukortti-paikat&nbsp;ja&nbsp;kutsuvierasliput&nbsp;voi varata s\u00e4hk\u00f6postitse&nbsp;musiikki@oulainen.fi Tiedustelut:&nbsp;musiikki@oulainen.fi Kaikukorttipaikat Kaikukortin tavoitteena on parantaa taloudellisesti tiukassa tilanteessa olevien nuorten, aikuisten, perheiden ja ik\u00e4ihmisten mahdollisuuksia osallistua kulttuuriel\u00e4m\u00e4\u00e4n ja harrastaa taiteen tekemist\u00e4. Oulaisten Musiikkiviikot on mukana Kaikukortti-toiminnassa mahdollistamassa musiikkiel\u00e4myksi\u00e4! Olemme varanneet Kaikukortti-paikkoja jokaiseen &hellip; <\/p>\n<p class=\"link-more\"><a href=\"https:\/\/koeoulainen.fi\/oulaistenmusiikkiviikot\/liput\/\" class=\"more-link\">Lue lis\u00e4\u00e4<span class=\"screen-reader-text\"> &#8221;Liput&#8221;<\/span><\/a><\/p>\n","protected":false},"author":3,"featured_media":0,"parent":0,"menu_order":0,"comment_status":"closed","ping_status":"closed","template":"","meta":{"inspiro_hide_title":false,"footnotes":""},"class_list":["post-17","page","type-page","status-publish","hentry"],"_links":{"self":[{"href":"https:\/\/koeoulainen.fi\/oulaistenmusiikkiviikot\/wp-json\/wp\/v2\/pages\/17","targetHints":{"allow":["GET"]}}],"collection":[{"href":"https:\/\/koeoulainen.fi\/oulaistenmusiikkiviikot\/wp-json\/wp\/v2\/pages"}],"about":[{"href":"https:\/\/koeoulainen.fi\/oulaistenmusiikkiviikot\/wp-json\/wp\/v2\/types\/page"}],"author":[{"embeddable":true,"href":"https:\/\/koeoulainen.fi\/oulaistenmusiikkiviikot\/wp-json\/wp\/v2\/users\/3"}],"replies":[{"embeddable":true,"href":"https:\/\/koeoulainen.fi\/oulaistenmusiikkiviikot\/wp-json\/wp\/v2\/comments?post=17"}],"version-history":[{"count":48,"href":"https:\/\/koeoulainen.fi\/oulaistenmusiikkiviikot\/wp-json\/wp\/v2\/pages\/17\/revisions"}],"predecessor-version":[{"id":1216,"href":"https:\/\/koeoulainen.fi\/oulaistenmusiikkiviikot\/wp-json\/wp\/v2\/pages\/17\/revisions\/1216"}],"wp:attachment":[{"href":"https:\/\/koeoulainen.fi\/oulaistenmusiikkiviikot\/wp-json\/wp\/v2\/media?parent=17"}],"curies":[{"name":"wp","href":"https:\/\/api.w.org\/{rel}","templated":true}]}}