{"id":51,"date":"2021-05-25T16:41:19","date_gmt":"2021-05-25T13:41:19","guid":{"rendered":"https:\/\/koeoulainen.fi\/oulaistenmusiikkiviikot\/?page_id=51"},"modified":"2026-01-29T11:58:39","modified_gmt":"2026-01-29T09:58:39","slug":"yhteystiedot","status":"publish","type":"page","link":"https:\/\/koeoulainen.fi\/oulaistenmusiikkiviikot\/yhteystiedot\/","title":{"rendered":"Yhteystiedot"},"content":{"rendered":"\n<p>Oulaisten kaupunki \/ Oulaisten Musiikkiviikot<br>Toimisto: Oulaistenkatu 38, 86300 Oulainen<\/p>\n\n\n\n<p>S\u00e4hk\u00f6posti: musiikki@oulainen.fi<br>www.oulaistenmusiikkiviikot.fi<\/p>\n\n\n\n<p><strong>Laskutustiedot:<\/strong><br>Oulaisten kaupunki \/ Oulaisten Musiikkiviikot&nbsp;<br>Y-tunnus 0186852-2&nbsp;<br>Lautatarhankatu 7 B&nbsp;, 86300 Oulainen&nbsp;<br>Verkkolaskuoperaattori: CGI Suomi Oy&nbsp;<br>Operaattorin v\u00e4litt\u00e4j\u00e4tunnus: 003703575029&nbsp;<br>Sivistyskeskus 0037018685224&nbsp;<\/p>\n\n\n\n<h2 class=\"wp-block-heading\"><strong>Lipunmyynti<\/strong><\/h2>\n\n\n\n<p><strong>Lippujen ennakkomyynti<\/strong> <\/p>\n\n\n\n<p><a href=\"https:\/\/kinokulma.fi\/\" data-type=\"link\" data-id=\"https:\/\/kinokulma.fi\/\">Talven etkoklubeille liput Kinokulman kautta<\/a><\/p>\n\n\n\n<p><\/p>\n\n\n\n<h2 class=\"wp-block-heading\"><strong>Lipunmyyntiin liittyv\u00e4t tiedustelut<\/strong><\/h2>\n\n\n\n<p><a href=\"mailto:musiikki@oulainen.fi\" target=\"_blank\" rel=\"noreferrer noopener\">musiikki@oulainen.fi<\/a><\/p>\n\n\n\n<h2 class=\"wp-block-heading\"><strong>Muut tiedustelut<\/strong><\/h2>\n\n\n\n<p>Kulttuurituottaja<br>Anna Koivukangas, puh. 044 4793 268<br>anna.koivukangas@oulainen.fi<\/p>\n\n\n\n<p style=\"font-size:clamp(18.959px, 1.185rem + ((1vw - 3.2px) * 0.977), 30px);px\"><strong>Konserttipaikat<\/strong><\/p>\n\n\n\n<figure class=\"wp-block-image aligncenter size-full\"><img loading=\"lazy\" decoding=\"async\" width=\"971\" height=\"1000\" src=\"https:\/\/koeoulainen.fi\/oulaistenmusiikkiviikot\/wp-content\/uploads\/sites\/2\/2025\/10\/MV-kartta-2025.png\" alt=\"\" class=\"wp-image-1152\" srcset=\"https:\/\/koeoulainen.fi\/oulaistenmusiikkiviikot\/wp-content\/uploads\/sites\/2\/2025\/10\/MV-kartta-2025.png 971w, https:\/\/koeoulainen.fi\/oulaistenmusiikkiviikot\/wp-content\/uploads\/sites\/2\/2025\/10\/MV-kartta-2025-291x300.png 291w\" sizes=\"auto, (max-width: 971px) 100vw, 971px\" \/><\/figure>\n\n\n\n<h2 class=\"wp-block-heading\"><strong>Oulaisten Musiikkiviikkojen suunnitteluty\u00f6ryhm\u00e4<\/strong><\/h2>\n\n\n\n<p>Puheenjohtaja, hyvinvointijohtaja<br>Sanna M\u00e4yr\u00e4, puh. 044 4793 272<br>sanna.mayra@oulainen.fi<\/p>\n\n\n\n<p>Kulttuurituottaja<br>Anna Koivukangas, puh. 044 4793 268<br>anna.koivukangas@oulainen.fi<\/p>\n\n\n\n<p>Ty\u00f6ryhm\u00e4n muut j\u00e4senet 2026:<br>Henna Hannula<br>Johanna R\u00e4is\u00e4nen<br>Jarkko Laulumaa (Hyvinvointilautakunta)<br>Sanna Kallio (Oulaisten Kulttuurin Tuki ry)<br>Wuokko K\u00e4rki (Oulaisten tapahtumientekij\u00e4t ry)<\/p>\n\n\n\n<div style=\"height:100px\" aria-hidden=\"true\" class=\"wp-block-spacer\"><\/div>\n\n\n\n<p><\/p>\n","protected":false},"excerpt":{"rendered":"<p>Oulaisten kaupunki \/ Oulaisten MusiikkiviikotToimisto: Oulaistenkatu 38, 86300 Oulainen S\u00e4hk\u00f6posti: musiikki@oulainen.fiwww.oulaistenmusiikkiviikot.fi Laskutustiedot:Oulaisten kaupunki \/ Oulaisten Musiikkiviikot&nbsp;Y-tunnus 0186852-2&nbsp;Lautatarhankatu 7 B&nbsp;, 86300 Oulainen&nbsp;Verkkolaskuoperaattori: CGI Suomi Oy&nbsp;Operaattorin v\u00e4litt\u00e4j\u00e4tunnus: 003703575029&nbsp;Sivistyskeskus 0037018685224&nbsp; Lipunmyynti Lippujen ennakkomyynti Talven etkoklubeille liput Kinokulman kautta Lipunmyyntiin liittyv\u00e4t tiedustelut musiikki@oulainen.fi Muut tiedustelut KulttuurituottajaAnna Koivukangas, puh. 044 4793 268anna.koivukangas@oulainen.fi Konserttipaikat Oulaisten Musiikkiviikkojen suunnitteluty\u00f6ryhm\u00e4 Puheenjohtaja, hyvinvointijohtajaSanna M\u00e4yr\u00e4, puh. &hellip; <\/p>\n<p class=\"link-more\"><a href=\"https:\/\/koeoulainen.fi\/oulaistenmusiikkiviikot\/yhteystiedot\/\" class=\"more-link\">Lue lis\u00e4\u00e4<span class=\"screen-reader-text\"> &#8221;Yhteystiedot&#8221;<\/span><\/a><\/p>\n","protected":false},"author":3,"featured_media":0,"parent":0,"menu_order":0,"comment_status":"closed","ping_status":"closed","template":"","meta":{"inspiro_hide_title":false,"footnotes":""},"class_list":["post-51","page","type-page","status-publish","hentry"],"_links":{"self":[{"href":"https:\/\/koeoulainen.fi\/oulaistenmusiikkiviikot\/wp-json\/wp\/v2\/pages\/51","targetHints":{"allow":["GET"]}}],"collection":[{"href":"https:\/\/koeoulainen.fi\/oulaistenmusiikkiviikot\/wp-json\/wp\/v2\/pages"}],"about":[{"href":"https:\/\/koeoulainen.fi\/oulaistenmusiikkiviikot\/wp-json\/wp\/v2\/types\/page"}],"author":[{"embeddable":true,"href":"https:\/\/koeoulainen.fi\/oulaistenmusiikkiviikot\/wp-json\/wp\/v2\/users\/3"}],"replies":[{"embeddable":true,"href":"https:\/\/koeoulainen.fi\/oulaistenmusiikkiviikot\/wp-json\/wp\/v2\/comments?post=51"}],"version-history":[{"count":19,"href":"https:\/\/koeoulainen.fi\/oulaistenmusiikkiviikot\/wp-json\/wp\/v2\/pages\/51\/revisions"}],"predecessor-version":[{"id":1195,"href":"https:\/\/koeoulainen.fi\/oulaistenmusiikkiviikot\/wp-json\/wp\/v2\/pages\/51\/revisions\/1195"}],"wp:attachment":[{"href":"https:\/\/koeoulainen.fi\/oulaistenmusiikkiviikot\/wp-json\/wp\/v2\/media?parent=51"}],"curies":[{"name":"wp","href":"https:\/\/api.w.org\/{rel}","templated":true}]}}