{"id":55,"date":"2021-05-25T16:46:26","date_gmt":"2021-05-25T13:46:26","guid":{"rendered":"https:\/\/koeoulainen.fi\/oulaistenmusiikkiviikot\/?page_id=55"},"modified":"2024-06-06T11:10:46","modified_gmt":"2024-06-06T08:10:46","slug":"info","status":"publish","type":"page","link":"https:\/\/koeoulainen.fi\/oulaistenmusiikkiviikot\/info\/","title":{"rendered":"Info"},"content":{"rendered":"\n<div class=\"wp-block-media-text alignwide is-stacked-on-mobile\"><figure class=\"wp-block-media-text__media\"><img loading=\"lazy\" decoding=\"async\" width=\"1024\" height=\"771\" src=\"http:\/\/koeoulainen.fi\/oulaistenmusiikkiviikot\/wp-content\/uploads\/sites\/2\/2024\/06\/Musiikkiviikot-logo2024-1024x771.png\" alt=\"\" class=\"wp-image-893 size-full\" srcset=\"https:\/\/koeoulainen.fi\/oulaistenmusiikkiviikot\/wp-content\/uploads\/sites\/2\/2024\/06\/Musiikkiviikot-logo2024-1024x771.png 1024w, https:\/\/koeoulainen.fi\/oulaistenmusiikkiviikot\/wp-content\/uploads\/sites\/2\/2024\/06\/Musiikkiviikot-logo2024-300x226.png 300w, https:\/\/koeoulainen.fi\/oulaistenmusiikkiviikot\/wp-content\/uploads\/sites\/2\/2024\/06\/Musiikkiviikot-logo2024-768x578.png 768w, https:\/\/koeoulainen.fi\/oulaistenmusiikkiviikot\/wp-content\/uploads\/sites\/2\/2024\/06\/Musiikkiviikot-logo2024-1536x1157.png 1536w, https:\/\/koeoulainen.fi\/oulaistenmusiikkiviikot\/wp-content\/uploads\/sites\/2\/2024\/06\/Musiikkiviikot-logo2024.png 1584w\" sizes=\"auto, (max-width: 1024px) 100vw, 1024px\" \/><\/figure><div class=\"wp-block-media-text__content\">\n<p class=\"has-normal-font-size\">Oulaisten Musiikkiviikkojen perusrungon muodostavat klassisen musiikin, jazzin, kansanmusiikin sek\u00e4 lastenmusiikin konsertit, joita t\u00e4ydent\u00e4v\u00e4t viihteen k\u00e4rkinimet. <a rel=\"noreferrer noopener\" href=\"http:\/\/www.festivals.fi\/\" target=\"_blank\">Finland Festivals<\/a>-ketjuun kuuluvan tapahtuman monipuolinen ohjelmisto on ilahduttanut paikallisesti ja alueellisesti ihmisi\u00e4 jo vuodesta 1987 l\u00e4htien.<\/p>\n<\/div><\/div>\n\n\n\n<p><\/p>\n","protected":false},"excerpt":{"rendered":"<p>Oulaisten Musiikkiviikkojen perusrungon muodostavat klassisen musiikin, jazzin, kansanmusiikin sek\u00e4 lastenmusiikin konsertit, joita t\u00e4ydent\u00e4v\u00e4t viihteen k\u00e4rkinimet. Finland Festivals-ketjuun kuuluvan tapahtuman monipuolinen ohjelmisto on ilahduttanut paikallisesti ja alueellisesti ihmisi\u00e4 jo vuodesta 1987 l\u00e4htien.<\/p>\n","protected":false},"author":3,"featured_media":0,"parent":0,"menu_order":0,"comment_status":"closed","ping_status":"closed","template":"","meta":{"inspiro_hide_title":false,"footnotes":""},"class_list":["post-55","page","type-page","status-publish","hentry"],"_links":{"self":[{"href":"https:\/\/koeoulainen.fi\/oulaistenmusiikkiviikot\/wp-json\/wp\/v2\/pages\/55","targetHints":{"allow":["GET"]}}],"collection":[{"href":"https:\/\/koeoulainen.fi\/oulaistenmusiikkiviikot\/wp-json\/wp\/v2\/pages"}],"about":[{"href":"https:\/\/koeoulainen.fi\/oulaistenmusiikkiviikot\/wp-json\/wp\/v2\/types\/page"}],"author":[{"embeddable":true,"href":"https:\/\/koeoulainen.fi\/oulaistenmusiikkiviikot\/wp-json\/wp\/v2\/users\/3"}],"replies":[{"embeddable":true,"href":"https:\/\/koeoulainen.fi\/oulaistenmusiikkiviikot\/wp-json\/wp\/v2\/comments?post=55"}],"version-history":[{"count":6,"href":"https:\/\/koeoulainen.fi\/oulaistenmusiikkiviikot\/wp-json\/wp\/v2\/pages\/55\/revisions"}],"predecessor-version":[{"id":894,"href":"https:\/\/koeoulainen.fi\/oulaistenmusiikkiviikot\/wp-json\/wp\/v2\/pages\/55\/revisions\/894"}],"wp:attachment":[{"href":"https:\/\/koeoulainen.fi\/oulaistenmusiikkiviikot\/wp-json\/wp\/v2\/media?parent=55"}],"curies":[{"name":"wp","href":"https:\/\/api.w.org\/{rel}","templated":true}]}}